{"id":32,"date":"2016-05-23T16:36:21","date_gmt":"2016-05-23T14:36:21","guid":{"rendered":"https:\/\/stomatologijamehic.com\/?page_id=32"},"modified":"2021-12-07T22:53:16","modified_gmt":"2021-12-07T21:53:16","slug":"o-nama","status":"publish","type":"page","link":"https:\/\/stomatologijamehic.com\/?page_id=32","title":{"rendered":"O nama"},"content":{"rendered":"<p><strong>DOBRO DO\u0160LI<\/strong><\/p>\n<p>Stomatolo\u0161ka ordinacija Mehi\u0107, smje\u0161tena u centru grada, stoji Vam na raspolaganju. Svakom pacijentu \u0107e se pristupati individualno i profesionalno. Ordinacija prati moderne zdravstvene trendove u svijetu, pru\u017eaju\u0107i pacijentima cjelovitu stomatolo\u0161ku uslugu na jednom mjestu.<\/p>\n<p>Adekvatna\u00a0i kvalitetna usluga, moderan\u00a0pristup i odgovornost su imperativi na kojima\u00a0se\u00a0temelji rad ordinacije.<\/p>\n<p><strong>RADNO VRIJEME<\/strong><\/p>\n<p>Ponedjeljak &#8211; Petak \u00a0 \u00a0 \u00a009:00 &#8211; 17:00h<\/p>\n<p>Subota \u00a0 \u00a0 \u00a0 \u00a0 \u00a0 \u00a0 \u00a0 \u00a0 \u00a0 \u00a0 \u00a0 \u00a0 po dogovoru<\/p>\n","protected":false},"excerpt":{"rendered":"<p>DOBRO DO\u0160LI Stomatolo\u0161ka ordinacija Mehi\u0107, smje\u0161tena u centru grada, stoji Vam na raspolaganju. Svakom pacijentu \u0107e se pristupati individualno i profesionalno. Ordinacija prati moderne zdravstvene trendove u svijetu, [&hellip;]<\/p>\n","protected":false},"author":1,"featured_media":0,"parent":0,"menu_order":0,"comment_status":"closed","ping_status":"closed","template":"","meta":{"footnotes":""},"_links":{"self":[{"href":"https:\/\/stomatologijamehic.com\/index.php?rest_route=\/wp\/v2\/pages\/32"}],"collection":[{"href":"https:\/\/stomatologijamehic.com\/index.php?rest_route=\/wp\/v2\/pages"}],"about":[{"href":"https:\/\/stomatologijamehic.com\/index.php?rest_route=\/wp\/v2\/types\/page"}],"author":[{"embeddable":true,"href":"https:\/\/stomatologijamehic.com\/index.php?rest_route=\/wp\/v2\/users\/1"}],"replies":[{"embeddable":true,"href":"https:\/\/stomatologijamehic.com\/index.php?rest_route=%2Fwp%2Fv2%2Fcomments&post=32"}],"version-history":[{"count":8,"href":"https:\/\/stomatologijamehic.com\/index.php?rest_route=\/wp\/v2\/pages\/32\/revisions"}],"predecessor-version":[{"id":142,"href":"https:\/\/stomatologijamehic.com\/index.php?rest_route=\/wp\/v2\/pages\/32\/revisions\/142"}],"wp:attachment":[{"href":"https:\/\/stomatologijamehic.com\/index.php?rest_route=%2Fwp%2Fv2%2Fmedia&parent=32"}],"curies":[{"name":"wp","href":"https:\/\/api.w.org\/{rel}","templated":true}]}}