{"id":29,"date":"2016-05-23T16:28:44","date_gmt":"2016-05-23T14:28:44","guid":{"rendered":"https:\/\/stomatologijamehic.com\/?page_id=29"},"modified":"2021-12-07T23:33:28","modified_gmt":"2021-12-07T22:33:28","slug":"pocetna-3","status":"publish","type":"page","link":"https:\/\/stomatologijamehic.com\/?page_id=29","title":{"rendered":"Odabrani radovi"},"content":{"rendered":"<p><\/p>\n<p><\/p>\n<p><\/p>\n\n\n<div class=\"wp-block-media-text alignwide has-media-on-the-right is-stacked-on-mobile\" style=\"grid-template-columns:auto 34%\"><figure class=\"wp-block-media-text__media\"><img loading=\"lazy\" decoding=\"async\" width=\"1024\" height=\"1024\" src=\"https:\/\/stomatologijamehic.com\/wp-content\/uploads\/2021\/12\/PhotoGrid_1636117297974-1024x1024.jpg\" alt=\"\" class=\"wp-image-145 size-full\" srcset=\"https:\/\/stomatologijamehic.com\/wp-content\/uploads\/2021\/12\/PhotoGrid_1636117297974-1024x1024.jpg 1024w, https:\/\/stomatologijamehic.com\/wp-content\/uploads\/2021\/12\/PhotoGrid_1636117297974-300x300.jpg 300w, https:\/\/stomatologijamehic.com\/wp-content\/uploads\/2021\/12\/PhotoGrid_1636117297974-150x150.jpg 150w, https:\/\/stomatologijamehic.com\/wp-content\/uploads\/2021\/12\/PhotoGrid_1636117297974-768x768.jpg 768w, https:\/\/stomatologijamehic.com\/wp-content\/uploads\/2021\/12\/PhotoGrid_1636117297974-1536x1536.jpg 1536w, https:\/\/stomatologijamehic.com\/wp-content\/uploads\/2021\/12\/PhotoGrid_1636117297974-2048x2048.jpg 2048w\" sizes=\"(max-width: 1024px) 100vw, 1024px\" \/><\/figure><div class=\"wp-block-media-text__content\">\n<p class=\"has-large-font-size\">SLU\u010cAJ 1 &#8211; Cirkon kerami\u010dke navlake<\/p>\n<\/div><\/div>\n\n\n\n<div class=\"wp-block-media-text alignwide is-stacked-on-mobile\" style=\"grid-template-columns:31% auto\"><figure class=\"wp-block-media-text__media\"><img loading=\"lazy\" decoding=\"async\" width=\"1024\" height=\"1024\" src=\"https:\/\/stomatologijamehic.com\/wp-content\/uploads\/2021\/12\/PhotoGrid_1582823225236-1024x1024.jpg\" alt=\"\" class=\"wp-image-152 size-full\" srcset=\"https:\/\/stomatologijamehic.com\/wp-content\/uploads\/2021\/12\/PhotoGrid_1582823225236-1024x1024.jpg 1024w, https:\/\/stomatologijamehic.com\/wp-content\/uploads\/2021\/12\/PhotoGrid_1582823225236-300x300.jpg 300w, https:\/\/stomatologijamehic.com\/wp-content\/uploads\/2021\/12\/PhotoGrid_1582823225236-150x150.jpg 150w, https:\/\/stomatologijamehic.com\/wp-content\/uploads\/2021\/12\/PhotoGrid_1582823225236-768x768.jpg 768w, https:\/\/stomatologijamehic.com\/wp-content\/uploads\/2021\/12\/PhotoGrid_1582823225236-1536x1536.jpg 1536w, https:\/\/stomatologijamehic.com\/wp-content\/uploads\/2021\/12\/PhotoGrid_1582823225236-2048x2048.jpg 2048w\" sizes=\"(max-width: 1024px) 100vw, 1024px\" \/><\/figure><div class=\"wp-block-media-text__content\">\n<p class=\"has-large-font-size\">SLU\u010cAJ 2 &#8211; Nadoknada izgubljenog zuba fiksnim mostom<\/p>\n<\/div><\/div>\n\n\n\n<div class=\"wp-block-media-text alignwide has-media-on-the-right is-stacked-on-mobile\" style=\"grid-template-columns:auto 35%\"><figure class=\"wp-block-media-text__media\"><img loading=\"lazy\" decoding=\"async\" width=\"1024\" height=\"1024\" src=\"https:\/\/stomatologijamehic.com\/wp-content\/uploads\/2021\/12\/PhotoGrid_1609412776393-1024x1024.jpg\" alt=\"\" class=\"wp-image-153 size-full\" srcset=\"https:\/\/stomatologijamehic.com\/wp-content\/uploads\/2021\/12\/PhotoGrid_1609412776393-1024x1024.jpg 1024w, https:\/\/stomatologijamehic.com\/wp-content\/uploads\/2021\/12\/PhotoGrid_1609412776393-300x300.jpg 300w, https:\/\/stomatologijamehic.com\/wp-content\/uploads\/2021\/12\/PhotoGrid_1609412776393-150x150.jpg 150w, https:\/\/stomatologijamehic.com\/wp-content\/uploads\/2021\/12\/PhotoGrid_1609412776393-768x768.jpg 768w, https:\/\/stomatologijamehic.com\/wp-content\/uploads\/2021\/12\/PhotoGrid_1609412776393-1536x1536.jpg 1536w, https:\/\/stomatologijamehic.com\/wp-content\/uploads\/2021\/12\/PhotoGrid_1609412776393-2048x2048.jpg 2048w\" sizes=\"(max-width: 1024px) 100vw, 1024px\" \/><\/figure><div class=\"wp-block-media-text__content\">\n<p class=\"has-large-font-size\">SLU\u010cAJ 3 &#8211; Zamjena starih navlaka<\/p>\n<\/div><\/div>\n\n\n\n<div class=\"wp-block-media-text alignwide is-stacked-on-mobile\" style=\"grid-template-columns:34% auto\"><figure class=\"wp-block-media-text__media\"><img loading=\"lazy\" decoding=\"async\" width=\"1024\" height=\"1024\" src=\"https:\/\/stomatologijamehic.com\/wp-content\/uploads\/2021\/12\/PhotoGrid_1581502685092-1024x1024.jpg\" alt=\"\" class=\"wp-image-151 size-full\" srcset=\"https:\/\/stomatologijamehic.com\/wp-content\/uploads\/2021\/12\/PhotoGrid_1581502685092-1024x1024.jpg 1024w, https:\/\/stomatologijamehic.com\/wp-content\/uploads\/2021\/12\/PhotoGrid_1581502685092-300x300.jpg 300w, https:\/\/stomatologijamehic.com\/wp-content\/uploads\/2021\/12\/PhotoGrid_1581502685092-150x150.jpg 150w, https:\/\/stomatologijamehic.com\/wp-content\/uploads\/2021\/12\/PhotoGrid_1581502685092-768x768.jpg 768w, https:\/\/stomatologijamehic.com\/wp-content\/uploads\/2021\/12\/PhotoGrid_1581502685092-1536x1536.jpg 1536w, https:\/\/stomatologijamehic.com\/wp-content\/uploads\/2021\/12\/PhotoGrid_1581502685092-2048x2048.jpg 2048w\" sizes=\"(max-width: 1024px) 100vw, 1024px\" \/><\/figure><div class=\"wp-block-media-text__content\">\n<p class=\"has-large-font-size\">SLU\u010cAJ 4 &#8211; Rehabilitacija gornje vilice<\/p>\n<\/div><\/div>\n\n\n\n<div class=\"wp-block-media-text alignwide has-media-on-the-right is-stacked-on-mobile\" style=\"grid-template-columns:auto 37%\"><figure class=\"wp-block-media-text__media\"><img loading=\"lazy\" decoding=\"async\" width=\"1024\" height=\"1024\" src=\"https:\/\/stomatologijamehic.com\/wp-content\/uploads\/2021\/12\/PhotoGrid_1525943558549-1024x1024.jpg\" alt=\"\" class=\"wp-image-146 size-full\" srcset=\"https:\/\/stomatologijamehic.com\/wp-content\/uploads\/2021\/12\/PhotoGrid_1525943558549-1024x1024.jpg 1024w, https:\/\/stomatologijamehic.com\/wp-content\/uploads\/2021\/12\/PhotoGrid_1525943558549-300x300.jpg 300w, https:\/\/stomatologijamehic.com\/wp-content\/uploads\/2021\/12\/PhotoGrid_1525943558549-150x150.jpg 150w, https:\/\/stomatologijamehic.com\/wp-content\/uploads\/2021\/12\/PhotoGrid_1525943558549-768x768.jpg 768w, https:\/\/stomatologijamehic.com\/wp-content\/uploads\/2021\/12\/PhotoGrid_1525943558549-1536x1536.jpg 1536w, https:\/\/stomatologijamehic.com\/wp-content\/uploads\/2021\/12\/PhotoGrid_1525943558549.jpg 2048w\" sizes=\"(max-width: 1024px) 100vw, 1024px\" \/><\/figure><div class=\"wp-block-media-text__content\">\n<p class=\"has-large-font-size\">SLU\u010cAJ 5 &#8211; Kompozitno oblikovanje gornjih prednjih zuba<\/p>\n<\/div><\/div>\n\n\n\n<div class=\"wp-block-media-text alignwide is-stacked-on-mobile\" style=\"grid-template-columns:37% auto\"><figure class=\"wp-block-media-text__media\"><img loading=\"lazy\" decoding=\"async\" width=\"1024\" height=\"1024\" src=\"https:\/\/stomatologijamehic.com\/wp-content\/uploads\/2021\/12\/PhotoGrid_1569064558269-1024x1024.jpg\" alt=\"\" class=\"wp-image-149 size-full\" srcset=\"https:\/\/stomatologijamehic.com\/wp-content\/uploads\/2021\/12\/PhotoGrid_1569064558269-1024x1024.jpg 1024w, https:\/\/stomatologijamehic.com\/wp-content\/uploads\/2021\/12\/PhotoGrid_1569064558269-300x300.jpg 300w, https:\/\/stomatologijamehic.com\/wp-content\/uploads\/2021\/12\/PhotoGrid_1569064558269-150x150.jpg 150w, https:\/\/stomatologijamehic.com\/wp-content\/uploads\/2021\/12\/PhotoGrid_1569064558269-768x768.jpg 768w, https:\/\/stomatologijamehic.com\/wp-content\/uploads\/2021\/12\/PhotoGrid_1569064558269-1536x1536.jpg 1536w, https:\/\/stomatologijamehic.com\/wp-content\/uploads\/2021\/12\/PhotoGrid_1569064558269.jpg 2048w\" sizes=\"(max-width: 1024px) 100vw, 1024px\" \/><\/figure><div class=\"wp-block-media-text__content\">\n<p class=\"has-large-font-size\">SLU\u010cAJ 6 &#8211; zamjena stare proteze novom<\/p>\n<\/div><\/div>\n\n\n\n<div class=\"wp-block-media-text alignwide has-media-on-the-right is-stacked-on-mobile\" style=\"grid-template-columns:auto 37%\"><figure class=\"wp-block-media-text__media\"><img loading=\"lazy\" decoding=\"async\" width=\"1024\" height=\"1024\" src=\"https:\/\/stomatologijamehic.com\/wp-content\/uploads\/2021\/12\/PhotoGrid_1532007074000-1024x1024.jpg\" alt=\"\" class=\"wp-image-147 size-full\" srcset=\"https:\/\/stomatologijamehic.com\/wp-content\/uploads\/2021\/12\/PhotoGrid_1532007074000-1024x1024.jpg 1024w, https:\/\/stomatologijamehic.com\/wp-content\/uploads\/2021\/12\/PhotoGrid_1532007074000-300x300.jpg 300w, https:\/\/stomatologijamehic.com\/wp-content\/uploads\/2021\/12\/PhotoGrid_1532007074000-150x150.jpg 150w, https:\/\/stomatologijamehic.com\/wp-content\/uploads\/2021\/12\/PhotoGrid_1532007074000-768x768.jpg 768w, https:\/\/stomatologijamehic.com\/wp-content\/uploads\/2021\/12\/PhotoGrid_1532007074000-1536x1536.jpg 1536w, https:\/\/stomatologijamehic.com\/wp-content\/uploads\/2021\/12\/PhotoGrid_1532007074000.jpg 2048w\" sizes=\"(max-width: 1024px) 100vw, 1024px\" \/><\/figure><div class=\"wp-block-media-text__content\">\n<p class=\"has-large-font-size\">SLU\u010cAJ 7 &#8211; Rehabilitacija gornje vilice<\/p>\n<\/div><\/div>\n","protected":false},"excerpt":{"rendered":"<p>SLU\u010cAJ 1 &#8211; Cirkon kerami\u010dke navlake SLU\u010cAJ 2 &#8211; Nadoknada izgubljenog zuba fiksnim mostom SLU\u010cAJ 3 &#8211; Zamjena starih navlaka SLU\u010cAJ 4 &#8211; Rehabilitacija gornje vilice SLU\u010cAJ 5 [&hellip;]<\/p>\n","protected":false},"author":1,"featured_media":155,"parent":0,"menu_order":0,"comment_status":"closed","ping_status":"closed","template":"","meta":{"footnotes":""},"_links":{"self":[{"href":"https:\/\/stomatologijamehic.com\/index.php?rest_route=\/wp\/v2\/pages\/29"}],"collection":[{"href":"https:\/\/stomatologijamehic.com\/index.php?rest_route=\/wp\/v2\/pages"}],"about":[{"href":"https:\/\/stomatologijamehic.com\/index.php?rest_route=\/wp\/v2\/types\/page"}],"author":[{"embeddable":true,"href":"https:\/\/stomatologijamehic.com\/index.php?rest_route=\/wp\/v2\/users\/1"}],"replies":[{"embeddable":true,"href":"https:\/\/stomatologijamehic.com\/index.php?rest_route=%2Fwp%2Fv2%2Fcomments&post=29"}],"version-history":[{"count":11,"href":"https:\/\/stomatologijamehic.com\/index.php?rest_route=\/wp\/v2\/pages\/29\/revisions"}],"predecessor-version":[{"id":156,"href":"https:\/\/stomatologijamehic.com\/index.php?rest_route=\/wp\/v2\/pages\/29\/revisions\/156"}],"wp:featuredmedia":[{"embeddable":true,"href":"https:\/\/stomatologijamehic.com\/index.php?rest_route=\/wp\/v2\/media\/155"}],"wp:attachment":[{"href":"https:\/\/stomatologijamehic.com\/index.php?rest_route=%2Fwp%2Fv2%2Fmedia&parent=29"}],"curies":[{"name":"wp","href":"https:\/\/api.w.org\/{rel}","templated":true}]}}