{"id":27,"date":"2016-05-23T16:28:31","date_gmt":"2016-05-23T14:28:31","guid":{"rendered":"https:\/\/stomatologijamehic.com\/?page_id=27"},"modified":"2021-12-07T22:48:42","modified_gmt":"2021-12-07T21:48:42","slug":"pocetna-1-2","status":"publish","type":"page","link":"https:\/\/stomatologijamehic.com\/?page_id=27","title":{"rendered":"Biografija"},"content":{"rendered":"\n<div class=\"wp-block-media-text alignwide is-stacked-on-mobile\" style=\"grid-template-columns:26% auto\"><figure class=\"wp-block-media-text__media\"><img loading=\"lazy\" decoding=\"async\" width=\"768\" height=\"1024\" src=\"https:\/\/stomatologijamehic.com\/wp-content\/uploads\/2021\/12\/IMG-20211121-WA0012.jpg\" alt=\"\" class=\"wp-image-136 size-full\" srcset=\"https:\/\/stomatologijamehic.com\/wp-content\/uploads\/2021\/12\/IMG-20211121-WA0012.jpg 768w, https:\/\/stomatologijamehic.com\/wp-content\/uploads\/2021\/12\/IMG-20211121-WA0012-225x300.jpg 225w\" sizes=\"(max-width: 768px) 100vw, 768px\" \/><\/figure><div class=\"wp-block-media-text__content\">\n<p>Osniva\u010d stomatolo\u0161ke ordinacije je Mehi\u0107 dr. Adnan. Poslije diplomiranja na Stomatolo\u0161kom fakultetu u Sarajevu u martu 2011. godine, pripravni\u010dki sta\u017e obavlja u Stomatolo\u0161koj ordinaciji Ajanovi\u0107 dr. Razija u Te\u0161nju. <\/p>\n\n\n\n<p>Nakon polaganja dr\u017eavnog ispita u januaru 2012. godine, radni sta\u017e nastavlja u Stomatolo\u0161koj ordinaciji \u201cDr. Davud\u201d u Gra\u010danici sve do aprila 2016. godine. U maju 2016. godine osniva\u00a0ordinaciju u Te\u0161nju. <\/p>\n\n\n\n<p>U\u010de\u0161\u0107em na brojnim doma\u0107in i inostranim seminarima i kursevima prati najnovija dostignu\u0107a u savremenoj stomatologiji te ih primjenjuje u svakodnevnoj praksi.<\/p>\n<\/div><\/div>\n\n\n\n<div class=\"wp-block-media-text alignwide is-stacked-on-mobile\" style=\"grid-template-columns:26% auto\"><figure class=\"wp-block-media-text__media\"><img loading=\"lazy\" decoding=\"async\" width=\"768\" height=\"1024\" src=\"https:\/\/stomatologijamehic.com\/wp-content\/uploads\/2021\/12\/IMG-20211121-WA0031.jpg\" alt=\"\" class=\"wp-image-137 size-full\" srcset=\"https:\/\/stomatologijamehic.com\/wp-content\/uploads\/2021\/12\/IMG-20211121-WA0031.jpg 768w, https:\/\/stomatologijamehic.com\/wp-content\/uploads\/2021\/12\/IMG-20211121-WA0031-225x300.jpg 225w\" sizes=\"(max-width: 768px) 100vw, 768px\" \/><\/figure><div class=\"wp-block-media-text__content\">\n<p>Mehi\u0107 dr. Almina je svoje osnovno i srednje obrazovanje zavr\u0161ila u Te\u0161nju, a 2018. godine je diplomirala na Stomatolo\u0161kom fakultetu u Sarajevu. U oktobru 2018. godine pola\u017ee dr\u017eavni ispit i po\u010dinje sa radom u ordinaciji.<\/p>\n\n\n\n<p>U toku studija je aktivna u raznim vannastavnim aktivnostima, a jedna od takvih je i Fondacija za podr\u0161ku i razvoj mentorstva &#8220;Stariji brat, starija sestra&#8221;. Paralelno s tim, u\u010di i strane jezike &#8211; turski i njema\u010dki.<\/p>\n\n\n\n<p>U toku svog rada, aktivan je u\u010desnik mnogih kongresa i edukacija u zemlji i susjedstvu, te ste\u010dena znanja redovno koristi u svakodnevnom radu.<\/p>\n<\/div><\/div>\n\n\n\n<div class=\"wp-block-media-text alignwide is-stacked-on-mobile\" style=\"grid-template-columns:26% auto\"><figure class=\"wp-block-media-text__media\"><img loading=\"lazy\" decoding=\"async\" width=\"768\" height=\"1024\" src=\"https:\/\/stomatologijamehic.com\/wp-content\/uploads\/2021\/12\/IMG-20211121-WA0122-768x1024.jpg\" alt=\"\" class=\"wp-image-139 size-full\" srcset=\"https:\/\/stomatologijamehic.com\/wp-content\/uploads\/2021\/12\/IMG-20211121-WA0122-768x1024.jpg 768w, https:\/\/stomatologijamehic.com\/wp-content\/uploads\/2021\/12\/IMG-20211121-WA0122-225x300.jpg 225w, https:\/\/stomatologijamehic.com\/wp-content\/uploads\/2021\/12\/IMG-20211121-WA0122-1152x1536.jpg 1152w, https:\/\/stomatologijamehic.com\/wp-content\/uploads\/2021\/12\/IMG-20211121-WA0122.jpg 1200w\" sizes=\"(max-width: 768px) 100vw, 768px\" \/><\/figure><div class=\"wp-block-media-text__content\">\n<p>\u0160i\u0161i\u0107 dr. Maida nakon zavr\u0161etka osnovne i srednje \u0161kole u Te\u0161nju, upisuje Stomatolo\u0161ki fakultet u Sarajevu te uspje\u0161no diplomira u septembru 2020. godine. U novembru mjesecu iste godine pola\u017ee dr\u017eavni ispit te se pridru\u017euje kolektivu ordinacije.<\/p>\n\n\n\n<p>Poslije odbrane diplomskog rada, prihvata poziv svog mentora te se pridru\u017euje profesorima Stomatolo\u0161kog fakulteta u pisanju zvani\u010dne fakultetske knjige iz Pedodoncije &#8211; dje\u010dije stomatologije, \u010dije pisanje se privodi kraju.<\/p>\n\n\n\n<p>Paralelno sa radom u ordinaciji, aktivna je i na polju nau\u010dno-istra\u017eiva\u010dkog rada iz podru\u010dja Dje\u010dije stomatologije.<\/p>\n<\/div><\/div>\n","protected":false},"excerpt":{"rendered":"<p>Osniva\u010d stomatolo\u0161ke ordinacije je Mehi\u0107 dr. Adnan. Poslije diplomiranja na Stomatolo\u0161kom fakultetu u Sarajevu u martu 2011. godine, pripravni\u010dki sta\u017e obavlja u Stomatolo\u0161koj ordinaciji Ajanovi\u0107 dr. Razija u [&hellip;]<\/p>\n","protected":false},"author":1,"featured_media":125,"parent":0,"menu_order":0,"comment_status":"closed","ping_status":"closed","template":"","meta":{"footnotes":""},"_links":{"self":[{"href":"https:\/\/stomatologijamehic.com\/index.php?rest_route=\/wp\/v2\/pages\/27"}],"collection":[{"href":"https:\/\/stomatologijamehic.com\/index.php?rest_route=\/wp\/v2\/pages"}],"about":[{"href":"https:\/\/stomatologijamehic.com\/index.php?rest_route=\/wp\/v2\/types\/page"}],"author":[{"embeddable":true,"href":"https:\/\/stomatologijamehic.com\/index.php?rest_route=\/wp\/v2\/users\/1"}],"replies":[{"embeddable":true,"href":"https:\/\/stomatologijamehic.com\/index.php?rest_route=%2Fwp%2Fv2%2Fcomments&post=27"}],"version-history":[{"count":7,"href":"https:\/\/stomatologijamehic.com\/index.php?rest_route=\/wp\/v2\/pages\/27\/revisions"}],"predecessor-version":[{"id":140,"href":"https:\/\/stomatologijamehic.com\/index.php?rest_route=\/wp\/v2\/pages\/27\/revisions\/140"}],"wp:featuredmedia":[{"embeddable":true,"href":"https:\/\/stomatologijamehic.com\/index.php?rest_route=\/wp\/v2\/media\/125"}],"wp:attachment":[{"href":"https:\/\/stomatologijamehic.com\/index.php?rest_route=%2Fwp%2Fv2%2Fmedia&parent=27"}],"curies":[{"name":"wp","href":"https:\/\/api.w.org\/{rel}","templated":true}]}}