{"id":12,"date":"2016-05-22T10:34:36","date_gmt":"2016-05-22T08:34:36","guid":{"rendered":"https:\/\/stomatologijamehic.com\/?page_id=12"},"modified":"2021-12-07T21:08:01","modified_gmt":"2021-12-07T20:08:01","slug":"dobrodosli","status":"publish","type":"page","link":"https:\/\/stomatologijamehic.com\/?page_id=12","title":{"rendered":"Mjesto gdje lijep osmijeh po\u010dinje"},"content":{"rendered":"<p>Dobrodo\u0161li u Stomatolo\u0161ku ordinaciju Mehi\u0107<\/p>\n","protected":false},"excerpt":{"rendered":"<p>Dobrodo\u0161li u Stomatolo\u0161ku ordinaciju Mehi\u0107<\/p>\n","protected":false},"author":1,"featured_media":127,"parent":0,"menu_order":0,"comment_status":"closed","ping_status":"closed","template":"","meta":{"footnotes":""},"_links":{"self":[{"href":"https:\/\/stomatologijamehic.com\/index.php?rest_route=\/wp\/v2\/pages\/12"}],"collection":[{"href":"https:\/\/stomatologijamehic.com\/index.php?rest_route=\/wp\/v2\/pages"}],"about":[{"href":"https:\/\/stomatologijamehic.com\/index.php?rest_route=\/wp\/v2\/types\/page"}],"author":[{"embeddable":true,"href":"https:\/\/stomatologijamehic.com\/index.php?rest_route=\/wp\/v2\/users\/1"}],"replies":[{"embeddable":true,"href":"https:\/\/stomatologijamehic.com\/index.php?rest_route=%2Fwp%2Fv2%2Fcomments&post=12"}],"version-history":[{"count":5,"href":"https:\/\/stomatologijamehic.com\/index.php?rest_route=\/wp\/v2\/pages\/12\/revisions"}],"predecessor-version":[{"id":124,"href":"https:\/\/stomatologijamehic.com\/index.php?rest_route=\/wp\/v2\/pages\/12\/revisions\/124"}],"wp:featuredmedia":[{"embeddable":true,"href":"https:\/\/stomatologijamehic.com\/index.php?rest_route=\/wp\/v2\/media\/127"}],"wp:attachment":[{"href":"https:\/\/stomatologijamehic.com\/index.php?rest_route=%2Fwp%2Fv2%2Fmedia&parent=12"}],"curies":[{"name":"wp","href":"https:\/\/api.w.org\/{rel}","templated":true}]}}